{"id":8448,"date":"2020-12-17T13:22:24","date_gmt":"2020-12-17T11:22:24","guid":{"rendered":"https:\/\/lifethink.eu\/arina\/home\/"},"modified":"2024-11-04T08:52:39","modified_gmt":"2024-11-04T06:52:39","slug":"home","status":"publish","type":"page","link":"https:\/\/www.arinabeach.gr\/fr\/","title":{"rendered":"Accueil"},"content":{"rendered":"<p>Arina Beach est un complexe baln\u00e9aire 5 \u00e9toiles tout compris enti\u00e8rement r\u00e9nov\u00e9 en Cr\u00e8te qui b\u00e9n\u00e9ficie d\u2019un emplacement enviable au bord de la mer, offrant \u00e0 ses clients une vue imprenable sous presque tous les angles. Situ\u00e9 dans la r\u00e9gion paisible de Kokkini Hani et s\u2019\u00e9tendant sur plus de 16 hectares, c\u2019est l\u2019endroit id\u00e9al pour s\u2019\u00e9vader et assurer un s\u00e9jour vraiment tranquille.<\/p>\n<p>Un s\u00e9jour \u00e0 Arina Beach est une exp\u00e9rience inoubliable.<\/p>\n","protected":false},"excerpt":{"rendered":"<p>Arina Beach est un complexe baln\u00e9aire 5 \u00e9toiles tout compris enti\u00e8rement r\u00e9nov\u00e9 en Cr\u00e8te qui b\u00e9n\u00e9ficie d\u2019un emplacement enviable au bord de la mer, offrant \u00e0 ses clients une vue imprenable sous presque tous les angles. Situ\u00e9 dans la r\u00e9gion&hellip;<\/p>\n","protected":false},"author":1,"featured_media":0,"parent":0,"menu_order":0,"comment_status":"closed","ping_status":"closed","template":"kobo\/home.php","meta":{"_acf_changed":false,"footnotes":""},"class_list":["post-8448","page","type-page","status-publish","hentry","entry","no-media"],"acf":[],"aioseo_notices":[],"_links":{"self":[{"href":"https:\/\/www.arinabeach.gr\/fr\/wp-json\/wp\/v2\/pages\/8448","targetHints":{"allow":["GET"]}}],"collection":[{"href":"https:\/\/www.arinabeach.gr\/fr\/wp-json\/wp\/v2\/pages"}],"about":[{"href":"https:\/\/www.arinabeach.gr\/fr\/wp-json\/wp\/v2\/types\/page"}],"author":[{"embeddable":true,"href":"https:\/\/www.arinabeach.gr\/fr\/wp-json\/wp\/v2\/users\/1"}],"replies":[{"embeddable":true,"href":"https:\/\/www.arinabeach.gr\/fr\/wp-json\/wp\/v2\/comments?post=8448"}],"version-history":[{"count":10,"href":"https:\/\/www.arinabeach.gr\/fr\/wp-json\/wp\/v2\/pages\/8448\/revisions"}],"predecessor-version":[{"id":12744,"href":"https:\/\/www.arinabeach.gr\/fr\/wp-json\/wp\/v2\/pages\/8448\/revisions\/12744"}],"wp:attachment":[{"href":"https:\/\/www.arinabeach.gr\/fr\/wp-json\/wp\/v2\/media?parent=8448"}],"curies":[{"name":"wp","href":"https:\/\/api.w.org\/{rel}","templated":true}]}}