{"id":8446,"date":"2021-03-09T11:42:45","date_gmt":"2021-03-09T09:42:45","guid":{"rendered":"https:\/\/lifethink.eu\/arina\/about\/"},"modified":"2024-11-04T08:49:45","modified_gmt":"2024-11-04T06:49:45","slug":"about","status":"publish","type":"page","link":"https:\/\/www.arinabeach.gr\/fr\/about\/","title":{"rendered":"L\u2019H\u00d4TEL"},"content":{"rendered":"<p>Nich\u00e9 sur les rives de la Cr\u00e8te et entour\u00e9 par le magnifique paysage de l\u2019\u00eele, vous trouverez Arina Beach, un complexe 5* tout compris o\u00f9 nos h\u00f4tes peuvent se d\u00e9tendre et d\u00e9couvrir de nouvelles aventures.<\/p>\n<p>Vivez des moments inoubliables et sentez-vous imm\u00e9diatement \u00e0 l\u2019aise dans les logements d\u2019Arina qui offrent confort et \u00e9l\u00e9gance, avec des \u00e9quipements contemporains et des services et installations impeccables. En mati\u00e8re de restauration, l\u2019Arina Beach Resort 5* tout compris vous emm\u00e8ne du lever au coucher du soleil sur des lieux de restauration uniques pour satisfaire tous les palais.<\/p>\n<p>Les h\u00f4tes qui aiment la vie active peuvent profiter du spa immersif du complexe qui comprend une piscine int\u00e9rieure chauff\u00e9e, un sauna et un hammam, un centre fitness enti\u00e8rement \u00e9quip\u00e9, des courts de tennis, un parc aquatique avec toboggans et des piscines ext\u00e9rieures. Pour s\u2019amuser en famille, le club enfants et l\u2019aire de jeux proposent une vari\u00e9t\u00e9 d\u2019activit\u00e9s et d\u2019animations en soir\u00e9e. Situ\u00e9 entre H\u00e9raklion et Hersonissos et avec un acc\u00e8s facile aux attractions locales, les h\u00f4tes peuvent facilement explorer et s\u2019impr\u00e9gner de la culture et de l\u2019atmosph\u00e8re locales.<\/p>\n<p>Ici, vous \u00eates assur\u00e9s de vous sentir d\u00e9tendu et inspir\u00e9 dans ce vaste complexe en bord de mer.<\/p>\n<p>&nbsp;<\/p>\n<p>&nbsp;<\/p>\n<p>&nbsp;<\/p>\n","protected":false},"excerpt":{"rendered":"<p>Nich\u00e9 sur les rives de la Cr\u00e8te et entour\u00e9 par le magnifique paysage de l\u2019\u00eele, vous trouverez Arina Beach, un complexe 5* tout compris o\u00f9 nos h\u00f4tes peuvent se d\u00e9tendre et d\u00e9couvrir de nouvelles aventures. Vivez des moments inoubliables et&hellip;<\/p>\n","protected":false},"author":1,"featured_media":0,"parent":0,"menu_order":0,"comment_status":"closed","ping_status":"closed","template":"kobo\/about.php","meta":{"_acf_changed":false,"footnotes":""},"class_list":["post-8446","page","type-page","status-publish","hentry","entry","no-media"],"acf":[],"aioseo_notices":[],"_links":{"self":[{"href":"https:\/\/www.arinabeach.gr\/fr\/wp-json\/wp\/v2\/pages\/8446","targetHints":{"allow":["GET"]}}],"collection":[{"href":"https:\/\/www.arinabeach.gr\/fr\/wp-json\/wp\/v2\/pages"}],"about":[{"href":"https:\/\/www.arinabeach.gr\/fr\/wp-json\/wp\/v2\/types\/page"}],"author":[{"embeddable":true,"href":"https:\/\/www.arinabeach.gr\/fr\/wp-json\/wp\/v2\/users\/1"}],"replies":[{"embeddable":true,"href":"https:\/\/www.arinabeach.gr\/fr\/wp-json\/wp\/v2\/comments?post=8446"}],"version-history":[{"count":6,"href":"https:\/\/www.arinabeach.gr\/fr\/wp-json\/wp\/v2\/pages\/8446\/revisions"}],"predecessor-version":[{"id":12736,"href":"https:\/\/www.arinabeach.gr\/fr\/wp-json\/wp\/v2\/pages\/8446\/revisions\/12736"}],"wp:attachment":[{"href":"https:\/\/www.arinabeach.gr\/fr\/wp-json\/wp\/v2\/media?parent=8446"}],"curies":[{"name":"wp","href":"https:\/\/api.w.org\/{rel}","templated":true}]}}