{"id":8434,"date":"2021-03-09T11:42:50","date_gmt":"2021-03-09T09:42:50","guid":{"rendered":"https:\/\/lifethink.eu\/arina\/accommodation\/"},"modified":"2023-03-14T12:31:06","modified_gmt":"2023-03-14T10:31:06","slug":"accommodation","status":"publish","type":"page","link":"https:\/\/www.arinabeach.gr\/fr\/accommodation\/","title":{"rendered":"Logement"},"content":{"rendered":"<p>Chacune des chambres, suites et bungalows s\u2019inspire du magnifique cadre de bord de mer de notre complexe. Confortables, apaisants et spacieux, nos h\u00e9bergements sont joliment am\u00e9nag\u00e9s, offrant une approche unique en mati\u00e8re de d\u00e9tente baln\u00e9aire. \u00c9l\u00e9gants mais fonctionnels et dot\u00e9s de commodit\u00e9s pour rendre votre s\u00e9jour aussi fluide que possible, ils offrent le cadre id\u00e9al pour les familles et les amis \u00e0 la recherche d\u2019un s\u00e9jour tout compris au bord de la mer.<\/p>\n","protected":false},"excerpt":{"rendered":"<p>Chacune des chambres, suites et bungalows s\u2019inspire du magnifique cadre de bord de mer de notre complexe. Confortables, apaisants et spacieux, nos h\u00e9bergements sont joliment am\u00e9nag\u00e9s, offrant une approche unique en mati\u00e8re de d\u00e9tente baln\u00e9aire. \u00c9l\u00e9gants mais fonctionnels et dot\u00e9s&hellip;<\/p>\n","protected":false},"author":1,"featured_media":11823,"parent":0,"menu_order":0,"comment_status":"closed","ping_status":"closed","template":"kobo\/rooms.php","meta":{"_acf_changed":false,"footnotes":""},"class_list":["post-8434","page","type-page","status-publish","has-post-thumbnail","hentry","entry","has-media"],"acf":[],"aioseo_notices":[],"_links":{"self":[{"href":"https:\/\/www.arinabeach.gr\/fr\/wp-json\/wp\/v2\/pages\/8434","targetHints":{"allow":["GET"]}}],"collection":[{"href":"https:\/\/www.arinabeach.gr\/fr\/wp-json\/wp\/v2\/pages"}],"about":[{"href":"https:\/\/www.arinabeach.gr\/fr\/wp-json\/wp\/v2\/types\/page"}],"author":[{"embeddable":true,"href":"https:\/\/www.arinabeach.gr\/fr\/wp-json\/wp\/v2\/users\/1"}],"replies":[{"embeddable":true,"href":"https:\/\/www.arinabeach.gr\/fr\/wp-json\/wp\/v2\/comments?post=8434"}],"version-history":[{"count":3,"href":"https:\/\/www.arinabeach.gr\/fr\/wp-json\/wp\/v2\/pages\/8434\/revisions"}],"predecessor-version":[{"id":11949,"href":"https:\/\/www.arinabeach.gr\/fr\/wp-json\/wp\/v2\/pages\/8434\/revisions\/11949"}],"wp:featuredmedia":[{"embeddable":true,"href":"https:\/\/www.arinabeach.gr\/fr\/wp-json\/wp\/v2\/media\/11823"}],"wp:attachment":[{"href":"https:\/\/www.arinabeach.gr\/fr\/wp-json\/wp\/v2\/media?parent=8434"}],"curies":[{"name":"wp","href":"https:\/\/api.w.org\/{rel}","templated":true}]}}