{"id":8403,"date":"2021-07-08T12:13:29","date_gmt":"2021-07-08T10:13:29","guid":{"rendered":"https:\/\/lifethink.eu\/arina\/dining\/"},"modified":"2024-11-04T08:48:22","modified_gmt":"2024-11-04T06:48:22","slug":"dining","status":"publish","type":"page","link":"https:\/\/www.arinabeach.gr\/fr\/dining\/","title":{"rendered":"Dining"},"content":{"rendered":"<p>Lorsqu\u2019il s\u2019agit de d\u00eener en Cr\u00e8te, l\u2019Arina Beach Resort 5* tout compris vous emm\u00e8ne du lever au coucher du soleil sur des lieux de restauration uniques pour satisfaire tous les palais. Des petits d\u00e9jeuners sucr\u00e9s et sal\u00e9s aux d\u00eeners \u00e9l\u00e9gants et cocktails sous les \u00e9toiles, nos restaurants et bars vous offriront une exp\u00e9rience gastronomique unique qui \u00e9veille les sens avec des saveurs d\u00e9licieuses et des moments inoubliables.<\/p>\n<p>Choses \u00e0 retenir\u00a0:<\/p>\n<ul>\n<li>Veuillez noter que la derni\u00e8re commande tout compris est \u00e0 00h00.<\/li>\n<li>Code vestimentaire\u00a0: Une tenue d\u00e9contract\u00e9e et \u00e9l\u00e9gante est exig\u00e9e dans tous les espaces publics int\u00e9rieurs de l&rsquo;h\u00f4tel apr\u00e8s 18h30.<\/li>\n<\/ul>\n","protected":false},"excerpt":{"rendered":"<p>Lorsqu\u2019il s\u2019agit de d\u00eener en Cr\u00e8te, l\u2019Arina Beach Resort 5* tout compris vous emm\u00e8ne du lever au coucher du soleil sur des lieux de restauration uniques pour satisfaire tous les palais. Des petits d\u00e9jeuners sucr\u00e9s et sal\u00e9s aux d\u00eeners \u00e9l\u00e9gants&hellip;<\/p>\n","protected":false},"author":1,"featured_media":0,"parent":0,"menu_order":0,"comment_status":"closed","ping_status":"closed","template":"kobo\/dining.php","meta":{"_acf_changed":false,"footnotes":""},"class_list":["post-8403","page","type-page","status-publish","hentry","entry","no-media"],"acf":[],"aioseo_notices":[],"_links":{"self":[{"href":"https:\/\/www.arinabeach.gr\/fr\/wp-json\/wp\/v2\/pages\/8403","targetHints":{"allow":["GET"]}}],"collection":[{"href":"https:\/\/www.arinabeach.gr\/fr\/wp-json\/wp\/v2\/pages"}],"about":[{"href":"https:\/\/www.arinabeach.gr\/fr\/wp-json\/wp\/v2\/types\/page"}],"author":[{"embeddable":true,"href":"https:\/\/www.arinabeach.gr\/fr\/wp-json\/wp\/v2\/users\/1"}],"replies":[{"embeddable":true,"href":"https:\/\/www.arinabeach.gr\/fr\/wp-json\/wp\/v2\/comments?post=8403"}],"version-history":[{"count":4,"href":"https:\/\/www.arinabeach.gr\/fr\/wp-json\/wp\/v2\/pages\/8403\/revisions"}],"predecessor-version":[{"id":12729,"href":"https:\/\/www.arinabeach.gr\/fr\/wp-json\/wp\/v2\/pages\/8403\/revisions\/12729"}],"wp:attachment":[{"href":"https:\/\/www.arinabeach.gr\/fr\/wp-json\/wp\/v2\/media?parent=8403"}],"curies":[{"name":"wp","href":"https:\/\/api.w.org\/{rel}","templated":true}]}}