{"id":8399,"date":"2022-09-28T18:32:52","date_gmt":"2022-09-28T16:32:52","guid":{"rendered":"https:\/\/lifethink.eu\/arina\/wellness\/"},"modified":"2023-03-14T13:01:33","modified_gmt":"2023-03-14T11:01:33","slug":"wellness","status":"publish","type":"page","link":"https:\/\/www.arinabeach.gr\/fr\/wellness\/","title":{"rendered":"BIEN-\u00caTRE"},"content":{"rendered":"<p>Votre bien-\u00eatre est important pour nous, que vous cherchiez \u00e0 vous d\u00e9tendre ou \u00e0 vous ressourcer pendant votre s\u00e9jour.<\/p>\n","protected":false},"excerpt":{"rendered":"<p>Votre bien-\u00eatre est important pour nous, que vous cherchiez \u00e0 vous d\u00e9tendre ou \u00e0 vous ressourcer pendant votre s\u00e9jour.<\/p>\n","protected":false},"author":1,"featured_media":0,"parent":0,"menu_order":0,"comment_status":"closed","ping_status":"closed","template":"kobo\/wellness.php","meta":{"_acf_changed":false,"footnotes":""},"class_list":["post-8399","page","type-page","status-publish","hentry","entry","no-media"],"acf":[],"aioseo_notices":[],"_links":{"self":[{"href":"https:\/\/www.arinabeach.gr\/fr\/wp-json\/wp\/v2\/pages\/8399","targetHints":{"allow":["GET"]}}],"collection":[{"href":"https:\/\/www.arinabeach.gr\/fr\/wp-json\/wp\/v2\/pages"}],"about":[{"href":"https:\/\/www.arinabeach.gr\/fr\/wp-json\/wp\/v2\/types\/page"}],"author":[{"embeddable":true,"href":"https:\/\/www.arinabeach.gr\/fr\/wp-json\/wp\/v2\/users\/1"}],"replies":[{"embeddable":true,"href":"https:\/\/www.arinabeach.gr\/fr\/wp-json\/wp\/v2\/comments?post=8399"}],"version-history":[{"count":2,"href":"https:\/\/www.arinabeach.gr\/fr\/wp-json\/wp\/v2\/pages\/8399\/revisions"}],"predecessor-version":[{"id":11971,"href":"https:\/\/www.arinabeach.gr\/fr\/wp-json\/wp\/v2\/pages\/8399\/revisions\/11971"}],"wp:attachment":[{"href":"https:\/\/www.arinabeach.gr\/fr\/wp-json\/wp\/v2\/media?parent=8399"}],"curies":[{"name":"wp","href":"https:\/\/api.w.org\/{rel}","templated":true}]}}