{"id":8390,"date":"2022-10-26T10:50:43","date_gmt":"2022-10-26T08:50:43","guid":{"rendered":"https:\/\/lifethink.eu\/arina\/family\/"},"modified":"2023-03-14T13:02:53","modified_gmt":"2023-03-14T11:02:53","slug":"family","status":"publish","type":"page","link":"https:\/\/www.arinabeach.gr\/fr\/family\/","title":{"rendered":"Famille"},"content":{"rendered":"<p>Des exp\u00e9riences passionnantes attendent chaque enfant dans le monde amusant d&rsquo;Arina Beach, tout en s&rsquo;assurant que toute la famille passera des vacances inoubliables. Offrant un large \u00e9ventail d&rsquo;activit\u00e9s color\u00e9es et de divertissements illimit\u00e9s pour les enfants de tous \u00e2ges, Arina Beach est con\u00e7u pour engager et inspirer les jeunes voyageurs et leurs familles.<\/p>\n","protected":false},"excerpt":{"rendered":"<p>Des exp\u00e9riences passionnantes attendent chaque enfant dans le monde amusant d&rsquo;Arina Beach, tout en s&rsquo;assurant que toute la famille passera des vacances inoubliables. Offrant un large \u00e9ventail d&rsquo;activit\u00e9s color\u00e9es et de divertissements illimit\u00e9s pour les enfants de tous \u00e2ges, Arina&hellip;<\/p>\n","protected":false},"author":1,"featured_media":0,"parent":0,"menu_order":0,"comment_status":"closed","ping_status":"closed","template":"kobo\/family.php","meta":{"_acf_changed":false,"footnotes":""},"class_list":["post-8390","page","type-page","status-publish","hentry","entry","no-media"],"acf":[],"aioseo_notices":[],"_links":{"self":[{"href":"https:\/\/www.arinabeach.gr\/fr\/wp-json\/wp\/v2\/pages\/8390","targetHints":{"allow":["GET"]}}],"collection":[{"href":"https:\/\/www.arinabeach.gr\/fr\/wp-json\/wp\/v2\/pages"}],"about":[{"href":"https:\/\/www.arinabeach.gr\/fr\/wp-json\/wp\/v2\/types\/page"}],"author":[{"embeddable":true,"href":"https:\/\/www.arinabeach.gr\/fr\/wp-json\/wp\/v2\/users\/1"}],"replies":[{"embeddable":true,"href":"https:\/\/www.arinabeach.gr\/fr\/wp-json\/wp\/v2\/comments?post=8390"}],"version-history":[{"count":4,"href":"https:\/\/www.arinabeach.gr\/fr\/wp-json\/wp\/v2\/pages\/8390\/revisions"}],"predecessor-version":[{"id":11973,"href":"https:\/\/www.arinabeach.gr\/fr\/wp-json\/wp\/v2\/pages\/8390\/revisions\/11973"}],"wp:attachment":[{"href":"https:\/\/www.arinabeach.gr\/fr\/wp-json\/wp\/v2\/media?parent=8390"}],"curies":[{"name":"wp","href":"https:\/\/api.w.org\/{rel}","templated":true}]}}