{"id":8385,"date":"2022-10-26T12:39:54","date_gmt":"2022-10-26T10:39:54","guid":{"rendered":"https:\/\/lifethink.eu\/arina\/services-facilities\/"},"modified":"2025-11-24T11:21:36","modified_gmt":"2025-11-24T09:21:36","slug":"services-facilities","status":"publish","type":"page","link":"https:\/\/www.arinabeach.gr\/fr\/services-facilities\/","title":{"rendered":"Services"},"content":{"rendered":"<p>Un emplacement en bord de mer, un service exclusif, quatre piscines, une piscine int\u00e9rieure chauff\u00e9e pr\u00e8s de l\u2019espace spa, d\u2019innombrables commodit\u00e9s, un parc aquatique avec toboggans et bien plus encore. D\u00e9couvrez un complexe baln\u00e9aire 5* tout compris \u00e0 Kokkini Hani, en Cr\u00e8te, offrant une hospitalit\u00e9 chaleureuse et un service enti\u00e8rement personnalis\u00e9. Nous prenons soin de chaque \u00e9l\u00e9ment de votre s\u00e9jour pour vous captiver et vous ravir. Notre discr\u00e9tion et notre savoir-faire contribueront \u00e0 rendre chaque moment de vos vacances inoubliable.<\/p>\n","protected":false},"excerpt":{"rendered":"<p>Un emplacement en bord de mer, un service exclusif, quatre piscines, une piscine int\u00e9rieure chauff\u00e9e pr\u00e8s de l\u2019espace spa, d\u2019innombrables commodit\u00e9s, un parc aquatique avec toboggans et bien plus encore. D\u00e9couvrez un complexe baln\u00e9aire 5* tout compris \u00e0 Kokkini Hani,&hellip;<\/p>\n","protected":false},"author":1,"featured_media":0,"parent":0,"menu_order":0,"comment_status":"closed","ping_status":"closed","template":"kobo\/services.php","meta":{"_acf_changed":false,"footnotes":""},"class_list":["post-8385","page","type-page","status-publish","hentry","entry","no-media"],"acf":[],"aioseo_notices":[],"_links":{"self":[{"href":"https:\/\/www.arinabeach.gr\/fr\/wp-json\/wp\/v2\/pages\/8385","targetHints":{"allow":["GET"]}}],"collection":[{"href":"https:\/\/www.arinabeach.gr\/fr\/wp-json\/wp\/v2\/pages"}],"about":[{"href":"https:\/\/www.arinabeach.gr\/fr\/wp-json\/wp\/v2\/types\/page"}],"author":[{"embeddable":true,"href":"https:\/\/www.arinabeach.gr\/fr\/wp-json\/wp\/v2\/users\/1"}],"replies":[{"embeddable":true,"href":"https:\/\/www.arinabeach.gr\/fr\/wp-json\/wp\/v2\/comments?post=8385"}],"version-history":[{"count":12,"href":"https:\/\/www.arinabeach.gr\/fr\/wp-json\/wp\/v2\/pages\/8385\/revisions"}],"predecessor-version":[{"id":13057,"href":"https:\/\/www.arinabeach.gr\/fr\/wp-json\/wp\/v2\/pages\/8385\/revisions\/13057"}],"wp:attachment":[{"href":"https:\/\/www.arinabeach.gr\/fr\/wp-json\/wp\/v2\/media?parent=8385"}],"curies":[{"name":"wp","href":"https:\/\/api.w.org\/{rel}","templated":true}]}}