{"id":8350,"date":"2022-11-02T19:07:49","date_gmt":"2022-11-02T17:07:49","guid":{"rendered":"https:\/\/lifethink.eu\/arina\/location\/"},"modified":"2023-03-14T13:16:01","modified_gmt":"2023-03-14T11:16:01","slug":"location","status":"publish","type":"page","link":"https:\/\/www.arinabeach.gr\/fr\/location\/","title":{"rendered":"L&#8217;emplacement"},"content":{"rendered":"<p>Situ\u00e9 entre H\u00e9raklion et Hersonissos, Kokkini Hani est un ancien village de p\u00eacheurs sur la c\u00f4te nord de la Cr\u00e8te, \u00e0 environ 14 km de la capitale. Avec son emplacement privil\u00e9gi\u00e9, c\u2019est d\u00e9sormais un village baln\u00e9aire bien d\u00e9velopp\u00e9 mais tranquille offrant de belles plages, de nombreux h\u00e9bergements, restaurants et magasins, ainsi que des activit\u00e9s pour tous les go\u00fbts.<\/p>\n<p>&nbsp;<\/p>\n<p>&nbsp;<\/p>\n","protected":false},"excerpt":{"rendered":"<p>Situ\u00e9 entre H\u00e9raklion et Hersonissos, Kokkini Hani est un ancien village de p\u00eacheurs sur la c\u00f4te nord de la Cr\u00e8te, \u00e0 environ 14 km de la capitale. Avec son emplacement privil\u00e9gi\u00e9, c\u2019est d\u00e9sormais un village baln\u00e9aire bien d\u00e9velopp\u00e9 mais tranquille&hellip;<\/p>\n","protected":false},"author":1,"featured_media":0,"parent":0,"menu_order":0,"comment_status":"closed","ping_status":"closed","template":"kobo\/location.php","meta":{"_acf_changed":false,"footnotes":""},"class_list":["post-8350","page","type-page","status-publish","hentry","entry","no-media"],"acf":[],"aioseo_notices":[],"_links":{"self":[{"href":"https:\/\/www.arinabeach.gr\/fr\/wp-json\/wp\/v2\/pages\/8350","targetHints":{"allow":["GET"]}}],"collection":[{"href":"https:\/\/www.arinabeach.gr\/fr\/wp-json\/wp\/v2\/pages"}],"about":[{"href":"https:\/\/www.arinabeach.gr\/fr\/wp-json\/wp\/v2\/types\/page"}],"author":[{"embeddable":true,"href":"https:\/\/www.arinabeach.gr\/fr\/wp-json\/wp\/v2\/users\/1"}],"replies":[{"embeddable":true,"href":"https:\/\/www.arinabeach.gr\/fr\/wp-json\/wp\/v2\/comments?post=8350"}],"version-history":[{"count":4,"href":"https:\/\/www.arinabeach.gr\/fr\/wp-json\/wp\/v2\/pages\/8350\/revisions"}],"predecessor-version":[{"id":11979,"href":"https:\/\/www.arinabeach.gr\/fr\/wp-json\/wp\/v2\/pages\/8350\/revisions\/11979"}],"wp:attachment":[{"href":"https:\/\/www.arinabeach.gr\/fr\/wp-json\/wp\/v2\/media?parent=8350"}],"curies":[{"name":"wp","href":"https:\/\/api.w.org\/{rel}","templated":true}]}}