{"id":8475,"date":"2020-12-17T13:22:24","date_gmt":"2020-12-17T11:22:24","guid":{"rendered":"https:\/\/lifethink.eu\/arina\/home\/"},"modified":"2025-10-31T15:20:59","modified_gmt":"2025-10-31T13:20:59","slug":"home","status":"publish","type":"page","link":"https:\/\/www.arinabeach.gr\/de\/","title":{"rendered":"Startseite"},"content":{"rendered":"<p>Arina Beach ist ein vollst\u00e4ndig renoviertes 5*-All-Inclusive-Resort auf Kreta, das sich einer beneidenswerten Lage direkt am Meer r\u00fchmen kann und seinen G\u00e4sten aus fast jedem Winkel einen atemberaubenden Blick bietet. In der idyllischen Gegend von Kokkini Hani gelegen und auf 160.000 m\u00b2 verteilt, ist es der perfekte Ort, um dem Alltag zu entfliehen und einen sorgenfreien Aufenthalt zu genie\u00dfen.<\/p>\n<p>Der Aufenthalt in Arina Beach bietet ein unvergessliches Erlebnis.<\/p>\n","protected":false},"excerpt":{"rendered":"<p>Arina Beach ist ein vollst\u00e4ndig renoviertes 5*-All-Inclusive-Resort auf Kreta, das sich einer beneidenswerten Lage direkt am Meer r\u00fchmen kann und seinen G\u00e4sten aus fast jedem Winkel einen atemberaubenden Blick bietet. In der idyllischen Gegend von Kokkini Hani gelegen und auf&hellip;<\/p>\n","protected":false},"author":1,"featured_media":0,"parent":0,"menu_order":0,"comment_status":"closed","ping_status":"closed","template":"kobo\/home.php","meta":{"_acf_changed":false,"footnotes":""},"class_list":["post-8475","page","type-page","status-publish","hentry","entry","no-media"],"acf":[],"aioseo_notices":[],"_links":{"self":[{"href":"https:\/\/www.arinabeach.gr\/de\/wp-json\/wp\/v2\/pages\/8475","targetHints":{"allow":["GET"]}}],"collection":[{"href":"https:\/\/www.arinabeach.gr\/de\/wp-json\/wp\/v2\/pages"}],"about":[{"href":"https:\/\/www.arinabeach.gr\/de\/wp-json\/wp\/v2\/types\/page"}],"author":[{"embeddable":true,"href":"https:\/\/www.arinabeach.gr\/de\/wp-json\/wp\/v2\/users\/1"}],"replies":[{"embeddable":true,"href":"https:\/\/www.arinabeach.gr\/de\/wp-json\/wp\/v2\/comments?post=8475"}],"version-history":[{"count":10,"href":"https:\/\/www.arinabeach.gr\/de\/wp-json\/wp\/v2\/pages\/8475\/revisions"}],"predecessor-version":[{"id":12745,"href":"https:\/\/www.arinabeach.gr\/de\/wp-json\/wp\/v2\/pages\/8475\/revisions\/12745"}],"wp:attachment":[{"href":"https:\/\/www.arinabeach.gr\/de\/wp-json\/wp\/v2\/media?parent=8475"}],"curies":[{"name":"wp","href":"https:\/\/api.w.org\/{rel}","templated":true}]}}