{"id":8443,"date":"2021-03-09T11:42:45","date_gmt":"2021-03-09T09:42:45","guid":{"rendered":"https:\/\/lifethink.eu\/arina\/about\/"},"modified":"2025-11-21T12:43:45","modified_gmt":"2025-11-21T10:43:45","slug":"about","status":"publish","type":"page","link":"https:\/\/www.arinabeach.gr\/de\/about\/","title":{"rendered":"DAS HOTEL"},"content":{"rendered":"<p>An der K\u00fcste Kretas, umgeben von der wundersch\u00f6nen Landschaft der Insel, befindet sich das Arina Beach, ein 5*-All-inclusive-Resort, in dem sich die G\u00e4ste entspannen und neue Abenteuer entdecken k\u00f6nnen.<\/p>\n<p>Erleben Sie unvergessliche Momente und f\u00fchlen Sie sich sofort wie zu Hause in den komfortablen und eleganten Unterk\u00fcnften des Arina Beach Resort, die mit modernen Annehmlichkeiten und tadellosen Dienstleistungen und Einrichtungen ausgestattet sind. Wenn es ums Kulinarische geht, bietet das 5* All-Inclusive Arina Beach Resort von Sonnenaufgang bis Sonnenuntergang einzigartige Restaurants, die jeden Gaumen zufriedenstellen.<\/p>\n<p>F\u00fcr G\u00e4ste, die sich gerne sportlich bet\u00e4tigen, bietet das Resort ein umfassendes Spa mit beheiztem Innenpool, Sauna und Dampfbad, ein komplett ausgestattetes Fitnesscenter, Tennispl\u00e4tze, einen Wasserpark mit Rutschen und Au\u00dfenpools. F\u00fcr Familien bietet der Kinderclub und der Spielplatz eine Vielzahl von Aktivit\u00e4ten sowie Abendveranstaltungen. Zwischen Heraklion und Hersonissos gelegen und mit direktem Zugang zu den \u00f6rtlichen Attraktionen k\u00f6nnen unsere G\u00e4ste die Kultur und das Flair der Region entspannt erkunden und auf sich wirken lassen.<\/p>\n<p>In diesem weitl\u00e4ufigen Resort direkt am Strand werden Sie sich garantiert entspannt und erholt f\u00fchlen.<\/p>\n<p>&nbsp;<\/p>\n<p>&nbsp;<\/p>\n<p>&nbsp;<\/p>\n","protected":false},"excerpt":{"rendered":"<p>An der K\u00fcste Kretas, umgeben von der wundersch\u00f6nen Landschaft der Insel, befindet sich das Arina Beach, ein 5*-All-inclusive-Resort, in dem sich die G\u00e4ste entspannen und neue Abenteuer entdecken k\u00f6nnen. Erleben Sie unvergessliche Momente und f\u00fchlen Sie sich sofort wie zu&hellip;<\/p>\n","protected":false},"author":1,"featured_media":0,"parent":0,"menu_order":0,"comment_status":"closed","ping_status":"closed","template":"kobo\/about.php","meta":{"_acf_changed":false,"footnotes":""},"class_list":["post-8443","page","type-page","status-publish","hentry","entry","no-media"],"acf":[],"aioseo_notices":[],"_links":{"self":[{"href":"https:\/\/www.arinabeach.gr\/de\/wp-json\/wp\/v2\/pages\/8443","targetHints":{"allow":["GET"]}}],"collection":[{"href":"https:\/\/www.arinabeach.gr\/de\/wp-json\/wp\/v2\/pages"}],"about":[{"href":"https:\/\/www.arinabeach.gr\/de\/wp-json\/wp\/v2\/types\/page"}],"author":[{"embeddable":true,"href":"https:\/\/www.arinabeach.gr\/de\/wp-json\/wp\/v2\/users\/1"}],"replies":[{"embeddable":true,"href":"https:\/\/www.arinabeach.gr\/de\/wp-json\/wp\/v2\/comments?post=8443"}],"version-history":[{"count":4,"href":"https:\/\/www.arinabeach.gr\/de\/wp-json\/wp\/v2\/pages\/8443\/revisions"}],"predecessor-version":[{"id":13051,"href":"https:\/\/www.arinabeach.gr\/de\/wp-json\/wp\/v2\/pages\/8443\/revisions\/13051"}],"wp:attachment":[{"href":"https:\/\/www.arinabeach.gr\/de\/wp-json\/wp\/v2\/media?parent=8443"}],"curies":[{"name":"wp","href":"https:\/\/api.w.org\/{rel}","templated":true}]}}