{"id":8437,"date":"2021-03-09T11:42:50","date_gmt":"2021-03-09T09:42:50","guid":{"rendered":"https:\/\/lifethink.eu\/arina\/accommodation\/"},"modified":"2023-03-14T11:43:44","modified_gmt":"2023-03-14T09:43:44","slug":"accommodation","status":"publish","type":"page","link":"https:\/\/www.arinabeach.gr\/de\/accommodation\/","title":{"rendered":"Unterkunft"},"content":{"rendered":"<p>Jedes der Zimmer, Suiten und Bungalows ist von der herrlichen Lage unseres Resorts am Strand inspiriert. Unsere komfortablen, gem\u00fctlichen und ger\u00e4umigen Unterk\u00fcnfte sind wundersch\u00f6n eingerichtet und bieten Ihnen ein einzigartiges Gef\u00fchl der Entspannung am Meer.<\/p>\n<p>Elegant und doch funktional und mit allen Annehmlichkeiten ausgestattet, um Ihren Aufenthalt so reibungslos wie m\u00f6glich zu gestalten, bieten sie den perfekten Rahmen f\u00fcr Familien und Freunde, die einen All-inclusive-Urlaub am Meer genie\u00dfen m\u00f6chten.<\/p>\n","protected":false},"excerpt":{"rendered":"<p>Jedes der Zimmer, Suiten und Bungalows ist von der herrlichen Lage unseres Resorts am Strand inspiriert. Unsere komfortablen, gem\u00fctlichen und ger\u00e4umigen Unterk\u00fcnfte sind wundersch\u00f6n eingerichtet und bieten Ihnen ein einzigartiges Gef\u00fchl der Entspannung am Meer. Elegant und doch funktional und&hellip;<\/p>\n","protected":false},"author":1,"featured_media":11824,"parent":0,"menu_order":0,"comment_status":"closed","ping_status":"closed","template":"kobo\/rooms.php","meta":{"_acf_changed":false,"footnotes":""},"class_list":["post-8437","page","type-page","status-publish","has-post-thumbnail","hentry","entry","has-media"],"acf":[],"aioseo_notices":[],"_links":{"self":[{"href":"https:\/\/www.arinabeach.gr\/de\/wp-json\/wp\/v2\/pages\/8437","targetHints":{"allow":["GET"]}}],"collection":[{"href":"https:\/\/www.arinabeach.gr\/de\/wp-json\/wp\/v2\/pages"}],"about":[{"href":"https:\/\/www.arinabeach.gr\/de\/wp-json\/wp\/v2\/types\/page"}],"author":[{"embeddable":true,"href":"https:\/\/www.arinabeach.gr\/de\/wp-json\/wp\/v2\/users\/1"}],"replies":[{"embeddable":true,"href":"https:\/\/www.arinabeach.gr\/de\/wp-json\/wp\/v2\/comments?post=8437"}],"version-history":[{"count":3,"href":"https:\/\/www.arinabeach.gr\/de\/wp-json\/wp\/v2\/pages\/8437\/revisions"}],"predecessor-version":[{"id":11927,"href":"https:\/\/www.arinabeach.gr\/de\/wp-json\/wp\/v2\/pages\/8437\/revisions\/11927"}],"wp:featuredmedia":[{"embeddable":true,"href":"https:\/\/www.arinabeach.gr\/de\/wp-json\/wp\/v2\/media\/11824"}],"wp:attachment":[{"href":"https:\/\/www.arinabeach.gr\/de\/wp-json\/wp\/v2\/media?parent=8437"}],"curies":[{"name":"wp","href":"https:\/\/api.w.org\/{rel}","templated":true}]}}