{"id":8404,"date":"2021-07-08T12:13:29","date_gmt":"2021-07-08T10:13:29","guid":{"rendered":"https:\/\/lifethink.eu\/arina\/dining\/"},"modified":"2024-11-04T08:48:31","modified_gmt":"2024-11-04T06:48:31","slug":"dining","status":"publish","type":"page","link":"https:\/\/www.arinabeach.gr\/de\/dining\/","title":{"rendered":"Dining"},"content":{"rendered":"<p>Wenn es um das Essen auf Kreta geht, bietet unser 5*-All-Inclusive-Resort Arina Beach Resort von Sonnenaufgang bis Sonnenuntergang einzigartige Restaurants, die jeden Gaumen zufriedenstellen. Von s\u00fc\u00dfen und herzhaften Fr\u00fchst\u00fccksk\u00f6stlichkeiten bis hin zu eleganten Abendessen und Cocktails unter dem Sternenhimmel bieten unsere Restaurants und Bars ein einzigartiges gastronomisches Erlebnis, das die Sinne mit k\u00f6stlichen Aromen und unvergesslichen Momenten weckt.<\/p>\n<p>Daran sollten Sie denken:<\/p>\n<ul>\n<li>Bitte beachten Sie, dass die letzte All-Inclusive-Bestellung bis 00:00 Uhr zu erfolgen hat.<\/li>\n<li>Kleiderordnung: In allen \u00f6ffentlichen Innenbereichen des Hotels ist nach 18:30 Uhr l\u00e4ssig-elegante Kleidung erw\u00fcnscht.<\/li>\n<\/ul>\n","protected":false},"excerpt":{"rendered":"<p>Wenn es um das Essen auf Kreta geht, bietet unser 5*-All-Inclusive-Resort Arina Beach Resort von Sonnenaufgang bis Sonnenuntergang einzigartige Restaurants, die jeden Gaumen zufriedenstellen. Von s\u00fc\u00dfen und herzhaften Fr\u00fchst\u00fccksk\u00f6stlichkeiten bis hin zu eleganten Abendessen und Cocktails unter dem Sternenhimmel bieten&hellip;<\/p>\n","protected":false},"author":1,"featured_media":0,"parent":0,"menu_order":0,"comment_status":"closed","ping_status":"closed","template":"kobo\/dining.php","meta":{"_acf_changed":false,"footnotes":""},"class_list":["post-8404","page","type-page","status-publish","hentry","entry","no-media"],"acf":[],"aioseo_notices":[],"_links":{"self":[{"href":"https:\/\/www.arinabeach.gr\/de\/wp-json\/wp\/v2\/pages\/8404","targetHints":{"allow":["GET"]}}],"collection":[{"href":"https:\/\/www.arinabeach.gr\/de\/wp-json\/wp\/v2\/pages"}],"about":[{"href":"https:\/\/www.arinabeach.gr\/de\/wp-json\/wp\/v2\/types\/page"}],"author":[{"embeddable":true,"href":"https:\/\/www.arinabeach.gr\/de\/wp-json\/wp\/v2\/users\/1"}],"replies":[{"embeddable":true,"href":"https:\/\/www.arinabeach.gr\/de\/wp-json\/wp\/v2\/comments?post=8404"}],"version-history":[{"count":4,"href":"https:\/\/www.arinabeach.gr\/de\/wp-json\/wp\/v2\/pages\/8404\/revisions"}],"predecessor-version":[{"id":12730,"href":"https:\/\/www.arinabeach.gr\/de\/wp-json\/wp\/v2\/pages\/8404\/revisions\/12730"}],"wp:attachment":[{"href":"https:\/\/www.arinabeach.gr\/de\/wp-json\/wp\/v2\/media?parent=8404"}],"curies":[{"name":"wp","href":"https:\/\/api.w.org\/{rel}","templated":true}]}}