{"id":8392,"date":"2022-10-26T10:50:43","date_gmt":"2022-10-26T08:50:43","guid":{"rendered":"https:\/\/lifethink.eu\/arina\/family\/"},"modified":"2023-03-14T11:27:58","modified_gmt":"2023-03-14T09:27:58","slug":"family","status":"publish","type":"page","link":"https:\/\/www.arinabeach.gr\/de\/family\/","title":{"rendered":"Familie"},"content":{"rendered":"<p>Aufregende Erlebnisse erwarten jedes Kind in der lustigen Welt von Arina Beach, w\u00e4hrend sichergestellt wird, dass die ganze Familie einen unvergesslichen Urlaub genie\u00dfen wird. Arina Beach bietet eine gro\u00dfe Auswahl an farbenfrohen Aktivit\u00e4ten und unbegrenzte Unterhaltung f\u00fcr Kinder jeden Alters und wurde entwickelt, um junge Reisende und ihre Familien zu begeistern und zu inspirieren.<\/p>\n","protected":false},"excerpt":{"rendered":"<p>Aufregende Erlebnisse erwarten jedes Kind in der lustigen Welt von Arina Beach, w\u00e4hrend sichergestellt wird, dass die ganze Familie einen unvergesslichen Urlaub genie\u00dfen wird. Arina Beach bietet eine gro\u00dfe Auswahl an farbenfrohen Aktivit\u00e4ten und unbegrenzte Unterhaltung f\u00fcr Kinder jeden Alters&hellip;<\/p>\n","protected":false},"author":1,"featured_media":0,"parent":0,"menu_order":0,"comment_status":"closed","ping_status":"closed","template":"kobo\/family.php","meta":{"_acf_changed":false,"footnotes":""},"class_list":["post-8392","page","type-page","status-publish","hentry","entry","no-media"],"acf":[],"aioseo_notices":[],"_links":{"self":[{"href":"https:\/\/www.arinabeach.gr\/de\/wp-json\/wp\/v2\/pages\/8392","targetHints":{"allow":["GET"]}}],"collection":[{"href":"https:\/\/www.arinabeach.gr\/de\/wp-json\/wp\/v2\/pages"}],"about":[{"href":"https:\/\/www.arinabeach.gr\/de\/wp-json\/wp\/v2\/types\/page"}],"author":[{"embeddable":true,"href":"https:\/\/www.arinabeach.gr\/de\/wp-json\/wp\/v2\/users\/1"}],"replies":[{"embeddable":true,"href":"https:\/\/www.arinabeach.gr\/de\/wp-json\/wp\/v2\/comments?post=8392"}],"version-history":[{"count":4,"href":"https:\/\/www.arinabeach.gr\/de\/wp-json\/wp\/v2\/pages\/8392\/revisions"}],"predecessor-version":[{"id":11919,"href":"https:\/\/www.arinabeach.gr\/de\/wp-json\/wp\/v2\/pages\/8392\/revisions\/11919"}],"wp:attachment":[{"href":"https:\/\/www.arinabeach.gr\/de\/wp-json\/wp\/v2\/media?parent=8392"}],"curies":[{"name":"wp","href":"https:\/\/api.w.org\/{rel}","templated":true}]}}